{"id":554,"date":"2025-09-05T11:59:43","date_gmt":"2025-09-05T09:59:43","guid":{"rendered":"http:\/\/dev.margarigonutricio.com\/nutricionista-esportiva-mallorca\/"},"modified":"2025-11-17T13:32:47","modified_gmt":"2025-11-17T12:32:47","slug":"nutricionista-esportiva-mallorca","status":"publish","type":"page","link":"https:\/\/margarigonutricio.com\/ca\/nutricionista-esportiva-mallorca\/","title":{"rendered":"Nutricionista esportiva Mallorca"},"content":{"rendered":"\t\t<div data-elementor-type=\"wp-page\" data-elementor-id=\"554\" class=\"elementor elementor-554 elementor-358\" data-elementor-post-type=\"page\">\n\t\t\t\t<div class=\"elementor-element elementor-element-941c838 e-flex e-con-boxed e-con e-parent\" data-id=\"941c838\" data-element_type=\"container\">\n\t\t\t\t\t<div class=\"e-con-inner\">\n\t\t\t\t<div class=\"elementor-element elementor-element-d599c07 elementor-widget elementor-widget-heading\" data-id=\"d599c07\" data-element_type=\"widget\" data-widget_type=\"heading.default\">\n\t\t\t\t\t<h1 class=\"elementor-heading-title elementor-size-default\">Nutricionista esportiva Mallorca<\/h1>\t\t\t\t<\/div>\n\t\t\t\t<div class=\"elementor-element elementor-element-b61e8c3 elementor-widget elementor-widget-text-editor\" data-id=\"b61e8c3\" data-element_type=\"widget\" data-widget_type=\"text-editor.default\">\n\t\t\t\t\t\t\t\t\t<p>Vols trobar un <strong>nutricionista esportiu a Mallorca?<\/strong> A la consulta de Marga Rigo t&#8217;ajudarem en tot all\u00f2 que necessitis, apropant-te una atenci\u00f3 completa i professional. Practiques esports i desitges assolir els teus objectius amb m\u00e9s facilitat? \u00c9s possible amb unes pautes simples que ens permetin assegurar-nos l&#8217;\u00e8xit.   <\/p><p>Com una <a href=\"http:\/\/dev.margarigonutricio.com\/ca\/nutricionista-palma-de-mallorca\/\">nutricionista destacada a Palma de Mallorca<\/a>, \u00e9s important que s\u00e0pigues que la finalitat \u00faltima de cuidar l&#8217;alimentaci\u00f3 no t\u00e9 res a veure amb l&#8217;est\u00e8tica, sin\u00f3 m\u00e9s aviat amb la salut i el benestar dels pacients. A m\u00e9s, el fet de cuidar-se no implica gens no gaudir del menjar, un dels plaers del dia a dia. <\/p><p>Tot aix\u00f2 sense oblidar el fet que salut i activitat f\u00edsica can unides de la m\u00e0. Sense una, no en podrem tenir l&#8217;altra. Mirar per totes dues i cuidar-les sembla b\u00e0sic en qualsevol dia a dia saludable. A la nostra consulta volem que aconsegueixis els teus objectius mentre que gaudeixes de la teva nutrici\u00f3 i el teu entrenament. \u00c9s molt f\u00e0cil si saps com fer-ho!    <\/p>\t\t\t\t\t\t\t\t<\/div>\n\t\t\t\t<div class=\"elementor-element elementor-element-8b3eb11 elementor-widget elementor-widget-heading\" data-id=\"8b3eb11\" data-element_type=\"widget\" data-widget_type=\"heading.default\">\n\t\t\t\t\t<h2 class=\"elementor-heading-title elementor-size-default\">Un centre dietista a Palma de Mallorca professional<\/h2>\t\t\t\t<\/div>\n\t\t\t\t<div class=\"elementor-element elementor-element-c8c307c elementor-widget elementor-widget-text-editor\" data-id=\"c8c307c\" data-element_type=\"widget\" data-widget_type=\"text-editor.default\">\n\t\t\t\t\t\t\t\t\t<p>Si sou un apassionat de la pr\u00e0ctica esportiva, tant a nivell professional com amateur, estareu al corrent que l&#8217;alimentaci\u00f3 \u00e9s un pilar fonamental de tot esportista. \u00c9s per aix\u00f2 que us oferim una atenci\u00f3 completa i efica\u00e7 per aconseguir assolir els vostres objectius a trav\u00e9s de l&#8217;entrenament i la nutrici\u00f3. Aconsegueix els millors resultats i bat les teves marques!  <\/p><p>Busques optimitzar el teu pes, augmentar la massa muscular o reduir el teu percentatge de greix? Al nostre <a href=\"http:\/\/dev.margarigonutricio.com\/ca\/centre-de-nutricio-palma\/\">centre de nutrici\u00f3 a Palma <\/a>us podem ajudar d&#8217;una manera professional i efica\u00e7. Oblida&#8217;t de m\u00e8todes m\u00e0gics i sospitosos. Aposta pel benestar al teu dia a dia. Uns h\u00e0bits correctes seran fonamentals per a una vida saludable.    <\/p><p>T&#8217;esperem a la consulta de Marga Rigo, <strong>especialista en nutrici\u00f3 esportiva a Mallorca.<\/strong> Canvia la teva vida i aconsegueix tots els teus objectius a trav\u00e9s de l&#8217;alimentaci\u00f3! <\/p>\t\t\t\t\t\t\t\t<\/div>\n\t\t\t\t\t<\/div>\n\t\t\t\t<\/div>\n\t\t\t\t<\/div>\n\t\t","protected":false},"excerpt":{"rendered":"<p>Vols trobar un nutricionista esportiu a Mallorca? A la consulta de Marga Rigo t&#8217;ajudarem en tot all\u00f2 que necessitis, apropant-te una atenci\u00f3 completa i professional. Practiques esports i desitges assolir els teus objectius amb m\u00e9s facilitat? \u00c9s possible amb unes pautes simples que ens permetin assegurar-nos l&#8217;\u00e8xit. Com una nutricionista destacada a Palma de Mallorca, [&hellip;]<\/p>\n","protected":false},"author":1,"featured_media":0,"parent":0,"menu_order":0,"comment_status":"closed","ping_status":"closed","template":"","meta":{"footnotes":""},"class_list":["post-554","page","type-page","status-publish","hentry"],"yoast_head":"<!-- This site is optimized with the Yoast SEO plugin v26.5 - https:\/\/yoast.com\/wordpress\/plugins\/seo\/ -->\n<title>Nutricionista esportiu Mallorca | Marga Rigo - Nutricionista Palma de Mallorca<\/title>\n<meta name=\"description\" content=\"Vols trobar un nutricionista esportiu a Mallorca? A la consulta de Marga Rigo t&#039;ajudarem en tot all\u00f2 que necessitis, apropant-te una atenci\u00f3 completa i professional. Practiques esports i desitges assolir els teus objectius amb m\u00e9s facilitat?\" \/>\n<meta name=\"robots\" content=\"index, follow, max-snippet:-1, max-image-preview:large, max-video-preview:-1\" \/>\n<link rel=\"canonical\" href=\"https:\/\/margarigonutricio.com\/nutricionista-deportiva-mallorca\/\" \/>\n<meta property=\"og:locale\" content=\"ca_ES\" \/>\n<meta property=\"og:type\" content=\"article\" \/>\n<meta property=\"og:title\" content=\"Nutricionista esportiu Mallorca | Marga Rigo - Nutricionista Palma de Mallorca\" \/>\n<meta property=\"og:description\" content=\"Vols trobar un nutricionista esportiu a Mallorca? A la consulta de Marga Rigo t&#039;ajudarem en tot all\u00f2 que necessitis, apropant-te una atenci\u00f3 completa i professional. Practiques esports i desitges assolir els teus objectius amb m\u00e9s facilitat?\" \/>\n<meta property=\"og:url\" content=\"https:\/\/margarigonutricio.com\/nutricionista-deportiva-mallorca\/\" \/>\n<meta property=\"og:site_name\" content=\"Marga Rigo Nutrici\u00f3\" \/>\n<meta property=\"article:modified_time\" content=\"2025-11-17T12:32:47+00:00\" \/>\n<meta name=\"twitter:card\" content=\"summary_large_image\" \/>\n<meta name=\"twitter:label1\" content=\"Temps estimat de lectura\" \/>\n\t<meta name=\"twitter:data1\" content=\"2 minuts\" \/>\n<script type=\"application\/ld+json\" class=\"yoast-schema-graph\">{\"@context\":\"https:\/\/schema.org\",\"@graph\":[{\"@type\":\"WebPage\",\"@id\":\"https:\/\/margarigonutricio.com\/nutricionista-deportiva-mallorca\/\",\"url\":\"https:\/\/margarigonutricio.com\/nutricionista-deportiva-mallorca\/\",\"name\":\"Nutricionista esportiu Mallorca | Marga Rigo - Nutricionista Palma de Mallorca\",\"isPartOf\":{\"@id\":\"https:\/\/margarigonutricio.com\/#website\"},\"datePublished\":\"2025-09-05T09:59:43+00:00\",\"dateModified\":\"2025-11-17T12:32:47+00:00\",\"description\":\"Vols trobar un nutricionista esportiu a Mallorca? A la consulta de Marga Rigo t'ajudarem en tot all\u00f2 que necessitis, apropant-te una atenci\u00f3 completa i professional. Practiques esports i desitges assolir els teus objectius amb m\u00e9s facilitat?\",\"breadcrumb\":{\"@id\":\"https:\/\/margarigonutricio.com\/nutricionista-deportiva-mallorca\/#breadcrumb\"},\"inLanguage\":\"ca\",\"potentialAction\":[{\"@type\":\"ReadAction\",\"target\":[\"https:\/\/margarigonutricio.com\/nutricionista-deportiva-mallorca\/\"]}]},{\"@type\":\"BreadcrumbList\",\"@id\":\"https:\/\/margarigonutricio.com\/nutricionista-deportiva-mallorca\/#breadcrumb\",\"itemListElement\":[{\"@type\":\"ListItem\",\"position\":1,\"name\":\"Portada\",\"item\":\"https:\/\/margarigonutricio.com\/\"},{\"@type\":\"ListItem\",\"position\":2,\"name\":\"Nutricionista esportiva Mallorca\"}]},{\"@type\":\"WebSite\",\"@id\":\"https:\/\/margarigonutricio.com\/#website\",\"url\":\"https:\/\/margarigonutricio.com\/\",\"name\":\"Marga Rigo Nutrici\u00f3\",\"description\":\"Nutrici\u00f3n Deportiva\",\"publisher\":{\"@id\":\"https:\/\/margarigonutricio.com\/#organization\"},\"potentialAction\":[{\"@type\":\"SearchAction\",\"target\":{\"@type\":\"EntryPoint\",\"urlTemplate\":\"https:\/\/margarigonutricio.com\/?s={search_term_string}\"},\"query-input\":{\"@type\":\"PropertyValueSpecification\",\"valueRequired\":true,\"valueName\":\"search_term_string\"}}],\"inLanguage\":\"ca\"},{\"@type\":\"Organization\",\"@id\":\"https:\/\/margarigonutricio.com\/#organization\",\"name\":\"Marga Rigo Nutrici\u00f3\",\"url\":\"https:\/\/margarigonutricio.com\/\",\"logo\":{\"@type\":\"ImageObject\",\"inLanguage\":\"ca\",\"@id\":\"https:\/\/margarigonutricio.com\/#\/schema\/logo\/image\/\",\"url\":\"\",\"contentUrl\":\"\",\"caption\":\"Marga Rigo Nutrici\u00f3\"},\"image\":{\"@id\":\"https:\/\/margarigonutricio.com\/#\/schema\/logo\/image\/\"}}]}<\/script>\n<!-- \/ Yoast SEO plugin. -->","yoast_head_json":{"title":"Nutricionista esportiu Mallorca | Marga Rigo - Nutricionista Palma de Mallorca","description":"Vols trobar un nutricionista esportiu a Mallorca? A la consulta de Marga Rigo t'ajudarem en tot all\u00f2 que necessitis, apropant-te una atenci\u00f3 completa i professional. Practiques esports i desitges assolir els teus objectius amb m\u00e9s facilitat?","robots":{"index":"index","follow":"follow","max-snippet":"max-snippet:-1","max-image-preview":"max-image-preview:large","max-video-preview":"max-video-preview:-1"},"canonical":"https:\/\/margarigonutricio.com\/nutricionista-deportiva-mallorca\/","og_locale":"ca_ES","og_type":"article","og_title":"Nutricionista esportiu Mallorca | Marga Rigo - Nutricionista Palma de Mallorca","og_description":"Vols trobar un nutricionista esportiu a Mallorca? A la consulta de Marga Rigo t'ajudarem en tot all\u00f2 que necessitis, apropant-te una atenci\u00f3 completa i professional. Practiques esports i desitges assolir els teus objectius amb m\u00e9s facilitat?","og_url":"https:\/\/margarigonutricio.com\/nutricionista-deportiva-mallorca\/","og_site_name":"Marga Rigo Nutrici\u00f3","article_modified_time":"2025-11-17T12:32:47+00:00","twitter_card":"summary_large_image","twitter_misc":{"Temps estimat de lectura":"2 minuts"},"schema":{"@context":"https:\/\/schema.org","@graph":[{"@type":"WebPage","@id":"https:\/\/margarigonutricio.com\/nutricionista-deportiva-mallorca\/","url":"https:\/\/margarigonutricio.com\/nutricionista-deportiva-mallorca\/","name":"Nutricionista esportiu Mallorca | Marga Rigo - Nutricionista Palma de Mallorca","isPartOf":{"@id":"https:\/\/margarigonutricio.com\/#website"},"datePublished":"2025-09-05T09:59:43+00:00","dateModified":"2025-11-17T12:32:47+00:00","description":"Vols trobar un nutricionista esportiu a Mallorca? A la consulta de Marga Rigo t'ajudarem en tot all\u00f2 que necessitis, apropant-te una atenci\u00f3 completa i professional. Practiques esports i desitges assolir els teus objectius amb m\u00e9s facilitat?","breadcrumb":{"@id":"https:\/\/margarigonutricio.com\/nutricionista-deportiva-mallorca\/#breadcrumb"},"inLanguage":"ca","potentialAction":[{"@type":"ReadAction","target":["https:\/\/margarigonutricio.com\/nutricionista-deportiva-mallorca\/"]}]},{"@type":"BreadcrumbList","@id":"https:\/\/margarigonutricio.com\/nutricionista-deportiva-mallorca\/#breadcrumb","itemListElement":[{"@type":"ListItem","position":1,"name":"Portada","item":"https:\/\/margarigonutricio.com\/"},{"@type":"ListItem","position":2,"name":"Nutricionista esportiva Mallorca"}]},{"@type":"WebSite","@id":"https:\/\/margarigonutricio.com\/#website","url":"https:\/\/margarigonutricio.com\/","name":"Marga Rigo Nutrici\u00f3","description":"Nutrici\u00f3n Deportiva","publisher":{"@id":"https:\/\/margarigonutricio.com\/#organization"},"potentialAction":[{"@type":"SearchAction","target":{"@type":"EntryPoint","urlTemplate":"https:\/\/margarigonutricio.com\/?s={search_term_string}"},"query-input":{"@type":"PropertyValueSpecification","valueRequired":true,"valueName":"search_term_string"}}],"inLanguage":"ca"},{"@type":"Organization","@id":"https:\/\/margarigonutricio.com\/#organization","name":"Marga Rigo Nutrici\u00f3","url":"https:\/\/margarigonutricio.com\/","logo":{"@type":"ImageObject","inLanguage":"ca","@id":"https:\/\/margarigonutricio.com\/#\/schema\/logo\/image\/","url":"","contentUrl":"","caption":"Marga Rigo Nutrici\u00f3"},"image":{"@id":"https:\/\/margarigonutricio.com\/#\/schema\/logo\/image\/"}}]}},"_links":{"self":[{"href":"https:\/\/margarigonutricio.com\/ca\/wp-json\/wp\/v2\/pages\/554","targetHints":{"allow":["GET"]}}],"collection":[{"href":"https:\/\/margarigonutricio.com\/ca\/wp-json\/wp\/v2\/pages"}],"about":[{"href":"https:\/\/margarigonutricio.com\/ca\/wp-json\/wp\/v2\/types\/page"}],"author":[{"embeddable":true,"href":"https:\/\/margarigonutricio.com\/ca\/wp-json\/wp\/v2\/users\/1"}],"replies":[{"embeddable":true,"href":"https:\/\/margarigonutricio.com\/ca\/wp-json\/wp\/v2\/comments?post=554"}],"version-history":[{"count":3,"href":"https:\/\/margarigonutricio.com\/ca\/wp-json\/wp\/v2\/pages\/554\/revisions"}],"predecessor-version":[{"id":565,"href":"https:\/\/margarigonutricio.com\/ca\/wp-json\/wp\/v2\/pages\/554\/revisions\/565"}],"wp:attachment":[{"href":"https:\/\/margarigonutricio.com\/ca\/wp-json\/wp\/v2\/media?parent=554"}],"curies":[{"name":"wp","href":"https:\/\/api.w.org\/{rel}","templated":true}]}}