{"id":559,"date":"2025-09-05T11:33:44","date_gmt":"2025-09-05T09:33:44","guid":{"rendered":"http:\/\/dev.margarigonutricio.com\/dietista-palma-de-mallorca\/"},"modified":"2025-11-17T13:30:23","modified_gmt":"2025-11-17T12:30:23","slug":"dietista-palma-de-mallorca","status":"publish","type":"page","link":"https:\/\/margarigonutricio.com\/ca\/dietista-palma-de-mallorca\/","title":{"rendered":"Dietista Palma de Mallorca"},"content":{"rendered":"\t\t<div data-elementor-type=\"wp-page\" data-elementor-id=\"559\" class=\"elementor elementor-559 elementor-331\" data-elementor-post-type=\"page\">\n\t\t\t\t<div class=\"elementor-element elementor-element-e72d2f5 e-con-full e-flex e-con e-parent\" data-id=\"e72d2f5\" data-element_type=\"container\">\n\t\t\t\t<div class=\"elementor-element elementor-element-5cb4ef8 elementor-widget elementor-widget-heading\" data-id=\"5cb4ef8\" data-element_type=\"widget\" data-widget_type=\"heading.default\">\n\t\t\t\t\t<h1 class=\"elementor-heading-title elementor-size-default\">Dietista Palma de Mallorca<\/h1>\t\t\t\t<\/div>\n\t\t\t\t<div class=\"elementor-element elementor-element-fbf2cf7 elementor-widget elementor-widget-text-editor\" data-id=\"fbf2cf7\" data-element_type=\"widget\" data-widget_type=\"text-editor.default\">\n\t\t\t\t\t\t\t\t\t<p>Esportistes, atletes, estudiants, persones que volen implantar h\u00e0bits d&#8217;alimentaci\u00f3 saludables\u2026 S\u00f3n molts els motius que poden fer que cerquis un <strong>dietista a Palma de Mallorca.<\/strong> Has de saber que al centre de Marga Rigo estarem encantats d&#8217;ajudar-te d&#8217;una manera professional, personalitzada i efica\u00e7. <\/p><p>Practiques esport i et costa assolir els teus objectius? Si dueu a terme un entrenament de qualitat, pot ser que el problema resideixi en altres aspectes, com pot ser el de l&#8217;alimentaci\u00f3. Com a <a href=\"http:\/\/dev.margarigonutricio.com\/ca\/nutricionista-esportiva-mallorca\/\">nutricionista esportiu a Mallorca<\/a>, volem ajudar-te a canviar certes pautes que et poden estar perjudicant durant l&#8217;activitat esportiva.  <\/p><p>D&#8217;aquesta manera, ser\u00e0 m\u00e9s f\u00e0cil optimitzar aspectes tan importants com ara el pes, la massa muscular, el percentatge de greix o el rendiment. Tot aix\u00f2 es pot aconseguir mitjan\u00e7ant una nutrici\u00f3 adequada, cuidada i vigilada. Per assolir l&#8217;\u00e8xit esportiu, tots els petits factors acaben sumant al nostre benefici.  <\/p>\t\t\t\t\t\t\t\t<\/div>\n\t\t\t\t<div class=\"elementor-element elementor-element-63503e2 elementor-widget elementor-widget-heading\" data-id=\"63503e2\" data-element_type=\"widget\" data-widget_type=\"heading.default\">\n\t\t\t\t\t<h2 class=\"elementor-heading-title elementor-size-default\">Un centre dietista a Palma de Mallorca professional<\/h2>\t\t\t\t<\/div>\n\t\t\t\t<div class=\"elementor-element elementor-element-233a1c3 elementor-widget elementor-widget-text-editor\" data-id=\"233a1c3\" data-element_type=\"widget\" data-widget_type=\"text-editor.default\">\n\t\t\t\t\t\t\t\t\t<p>Un dels grans avantatges de confiar en un <a href=\"http:\/\/dev.margarigonutricio.com\/ca\/nutricionista-palma-de-mallorca\/\">nutricionista a Palma de Mallorca <\/a>de la qualitat i professionalitat de Marga Rigo, \u00e9s que tindr\u00e0s davant teu un expert capa\u00e7 d&#8217;ajudar-te en tot el que vulguis. El primer objectiu, i m\u00e9s important, ha de ser implantar unes pautes d&#8217;alimentaci\u00f3 adequades i que tinguin efecte en la salut de cada persona. <\/p><p>A partir d&#8217;aqu\u00ed, com a <strong>especialista en diet\u00e8tica a Palma de Mallorca,<\/strong> al nostre centre podrem avan\u00e7ar per aconseguir diferents objectius que podr\u00edem anomenar secundaris, com ara la p\u00e8rdua de pes o greix corporal, el guany de m\u00fascul o la consecuci\u00f3 d&#8217;objectius esportius.<\/p><p>No triguis ni un minut m\u00e9s i inicia una nova vida. Canvia els teus h\u00e0bits alimentaris per altres de m\u00e9s saludables i guanya en benestar. Des del centre de nutrici\u00f3 de Marga Rigo volem ajudar-te en tot all\u00f2 que necessitis!  <\/p>\t\t\t\t\t\t\t\t<\/div>\n\t\t\t\t<\/div>\n\t\t\t\t<\/div>\n\t\t","protected":false},"excerpt":{"rendered":"<p>Esportistes, atletes, estudiants, persones que volen implantar h\u00e0bits d&#8217;alimentaci\u00f3 saludables\u2026 S\u00f3n molts els motius que poden fer que cerquis un dietista a Palma de Mallorca. Has de saber que al centre de Marga Rigo estarem encantats d&#8217;ajudar-te d&#8217;una manera professional, personalitzada i efica\u00e7. Practiques esport i et costa assolir els teus objectius? Si dueu a [&hellip;]<\/p>\n","protected":false},"author":1,"featured_media":0,"parent":0,"menu_order":0,"comment_status":"closed","ping_status":"closed","template":"","meta":{"footnotes":""},"class_list":["post-559","page","type-page","status-publish","hentry"],"yoast_head":"<!-- This site is optimized with the Yoast SEO plugin v26.5 - https:\/\/yoast.com\/wordpress\/plugins\/seo\/ -->\n<title>Dietista Palma de Mallorca | Marga Rigo - Nutricionista Palma de Mallorca<\/title>\n<meta name=\"description\" content=\"S\u00f3n molts els motius que poden fer que cerquis un dietista a Palma de Mallorca. Has de saber que al centre de Marga Rigo estarem encantats d&#039;ajudar-te d&#039;una manera professional, personalitzada i efica\u00e7.\" \/>\n<meta name=\"robots\" content=\"index, follow, max-snippet:-1, max-image-preview:large, max-video-preview:-1\" \/>\n<link rel=\"canonical\" href=\"https:\/\/margarigonutricio.com\/dietista-palma-de-mallorca\/\" \/>\n<meta property=\"og:locale\" content=\"ca_ES\" \/>\n<meta property=\"og:type\" content=\"article\" \/>\n<meta property=\"og:title\" content=\"Dietista Palma de Mallorca | Marga Rigo - Nutricionista Palma de Mallorca\" \/>\n<meta property=\"og:description\" content=\"S\u00f3n molts els motius que poden fer que cerquis un dietista a Palma de Mallorca. Has de saber que al centre de Marga Rigo estarem encantats d&#039;ajudar-te d&#039;una manera professional, personalitzada i efica\u00e7.\" \/>\n<meta property=\"og:url\" content=\"https:\/\/margarigonutricio.com\/dietista-palma-de-mallorca\/\" \/>\n<meta property=\"og:site_name\" content=\"Marga Rigo Nutrici\u00f3\" \/>\n<meta property=\"article:modified_time\" content=\"2025-11-17T12:30:23+00:00\" \/>\n<meta name=\"twitter:card\" content=\"summary_large_image\" \/>\n<meta name=\"twitter:label1\" content=\"Temps estimat de lectura\" \/>\n\t<meta name=\"twitter:data1\" content=\"2 minuts\" \/>\n<script type=\"application\/ld+json\" class=\"yoast-schema-graph\">{\"@context\":\"https:\/\/schema.org\",\"@graph\":[{\"@type\":\"WebPage\",\"@id\":\"https:\/\/margarigonutricio.com\/dietista-palma-de-mallorca\/\",\"url\":\"https:\/\/margarigonutricio.com\/dietista-palma-de-mallorca\/\",\"name\":\"Dietista Palma de Mallorca | Marga Rigo - Nutricionista Palma de Mallorca\",\"isPartOf\":{\"@id\":\"https:\/\/margarigonutricio.com\/#website\"},\"datePublished\":\"2025-09-05T09:33:44+00:00\",\"dateModified\":\"2025-11-17T12:30:23+00:00\",\"description\":\"S\u00f3n molts els motius que poden fer que cerquis un dietista a Palma de Mallorca. Has de saber que al centre de Marga Rigo estarem encantats d'ajudar-te d'una manera professional, personalitzada i efica\u00e7.\",\"breadcrumb\":{\"@id\":\"https:\/\/margarigonutricio.com\/dietista-palma-de-mallorca\/#breadcrumb\"},\"inLanguage\":\"ca\",\"potentialAction\":[{\"@type\":\"ReadAction\",\"target\":[\"https:\/\/margarigonutricio.com\/dietista-palma-de-mallorca\/\"]}]},{\"@type\":\"BreadcrumbList\",\"@id\":\"https:\/\/margarigonutricio.com\/dietista-palma-de-mallorca\/#breadcrumb\",\"itemListElement\":[{\"@type\":\"ListItem\",\"position\":1,\"name\":\"Portada\",\"item\":\"https:\/\/margarigonutricio.com\/\"},{\"@type\":\"ListItem\",\"position\":2,\"name\":\"Dietista Palma de Mallorca\"}]},{\"@type\":\"WebSite\",\"@id\":\"https:\/\/margarigonutricio.com\/#website\",\"url\":\"https:\/\/margarigonutricio.com\/\",\"name\":\"Marga Rigo Nutrici\u00f3\",\"description\":\"Nutrici\u00f3n Deportiva\",\"publisher\":{\"@id\":\"https:\/\/margarigonutricio.com\/#organization\"},\"potentialAction\":[{\"@type\":\"SearchAction\",\"target\":{\"@type\":\"EntryPoint\",\"urlTemplate\":\"https:\/\/margarigonutricio.com\/?s={search_term_string}\"},\"query-input\":{\"@type\":\"PropertyValueSpecification\",\"valueRequired\":true,\"valueName\":\"search_term_string\"}}],\"inLanguage\":\"ca\"},{\"@type\":\"Organization\",\"@id\":\"https:\/\/margarigonutricio.com\/#organization\",\"name\":\"Marga Rigo Nutrici\u00f3\",\"url\":\"https:\/\/margarigonutricio.com\/\",\"logo\":{\"@type\":\"ImageObject\",\"inLanguage\":\"ca\",\"@id\":\"https:\/\/margarigonutricio.com\/#\/schema\/logo\/image\/\",\"url\":\"\",\"contentUrl\":\"\",\"caption\":\"Marga Rigo Nutrici\u00f3\"},\"image\":{\"@id\":\"https:\/\/margarigonutricio.com\/#\/schema\/logo\/image\/\"}}]}<\/script>\n<!-- \/ Yoast SEO plugin. -->","yoast_head_json":{"title":"Dietista Palma de Mallorca | Marga Rigo - Nutricionista Palma de Mallorca","description":"S\u00f3n molts els motius que poden fer que cerquis un dietista a Palma de Mallorca. Has de saber que al centre de Marga Rigo estarem encantats d'ajudar-te d'una manera professional, personalitzada i efica\u00e7.","robots":{"index":"index","follow":"follow","max-snippet":"max-snippet:-1","max-image-preview":"max-image-preview:large","max-video-preview":"max-video-preview:-1"},"canonical":"https:\/\/margarigonutricio.com\/dietista-palma-de-mallorca\/","og_locale":"ca_ES","og_type":"article","og_title":"Dietista Palma de Mallorca | Marga Rigo - Nutricionista Palma de Mallorca","og_description":"S\u00f3n molts els motius que poden fer que cerquis un dietista a Palma de Mallorca. Has de saber que al centre de Marga Rigo estarem encantats d'ajudar-te d'una manera professional, personalitzada i efica\u00e7.","og_url":"https:\/\/margarigonutricio.com\/dietista-palma-de-mallorca\/","og_site_name":"Marga Rigo Nutrici\u00f3","article_modified_time":"2025-11-17T12:30:23+00:00","twitter_card":"summary_large_image","twitter_misc":{"Temps estimat de lectura":"2 minuts"},"schema":{"@context":"https:\/\/schema.org","@graph":[{"@type":"WebPage","@id":"https:\/\/margarigonutricio.com\/dietista-palma-de-mallorca\/","url":"https:\/\/margarigonutricio.com\/dietista-palma-de-mallorca\/","name":"Dietista Palma de Mallorca | Marga Rigo - Nutricionista Palma de Mallorca","isPartOf":{"@id":"https:\/\/margarigonutricio.com\/#website"},"datePublished":"2025-09-05T09:33:44+00:00","dateModified":"2025-11-17T12:30:23+00:00","description":"S\u00f3n molts els motius que poden fer que cerquis un dietista a Palma de Mallorca. Has de saber que al centre de Marga Rigo estarem encantats d'ajudar-te d'una manera professional, personalitzada i efica\u00e7.","breadcrumb":{"@id":"https:\/\/margarigonutricio.com\/dietista-palma-de-mallorca\/#breadcrumb"},"inLanguage":"ca","potentialAction":[{"@type":"ReadAction","target":["https:\/\/margarigonutricio.com\/dietista-palma-de-mallorca\/"]}]},{"@type":"BreadcrumbList","@id":"https:\/\/margarigonutricio.com\/dietista-palma-de-mallorca\/#breadcrumb","itemListElement":[{"@type":"ListItem","position":1,"name":"Portada","item":"https:\/\/margarigonutricio.com\/"},{"@type":"ListItem","position":2,"name":"Dietista Palma de Mallorca"}]},{"@type":"WebSite","@id":"https:\/\/margarigonutricio.com\/#website","url":"https:\/\/margarigonutricio.com\/","name":"Marga Rigo Nutrici\u00f3","description":"Nutrici\u00f3n Deportiva","publisher":{"@id":"https:\/\/margarigonutricio.com\/#organization"},"potentialAction":[{"@type":"SearchAction","target":{"@type":"EntryPoint","urlTemplate":"https:\/\/margarigonutricio.com\/?s={search_term_string}"},"query-input":{"@type":"PropertyValueSpecification","valueRequired":true,"valueName":"search_term_string"}}],"inLanguage":"ca"},{"@type":"Organization","@id":"https:\/\/margarigonutricio.com\/#organization","name":"Marga Rigo Nutrici\u00f3","url":"https:\/\/margarigonutricio.com\/","logo":{"@type":"ImageObject","inLanguage":"ca","@id":"https:\/\/margarigonutricio.com\/#\/schema\/logo\/image\/","url":"","contentUrl":"","caption":"Marga Rigo Nutrici\u00f3"},"image":{"@id":"https:\/\/margarigonutricio.com\/#\/schema\/logo\/image\/"}}]}},"_links":{"self":[{"href":"https:\/\/margarigonutricio.com\/ca\/wp-json\/wp\/v2\/pages\/559","targetHints":{"allow":["GET"]}}],"collection":[{"href":"https:\/\/margarigonutricio.com\/ca\/wp-json\/wp\/v2\/pages"}],"about":[{"href":"https:\/\/margarigonutricio.com\/ca\/wp-json\/wp\/v2\/types\/page"}],"author":[{"embeddable":true,"href":"https:\/\/margarigonutricio.com\/ca\/wp-json\/wp\/v2\/users\/1"}],"replies":[{"embeddable":true,"href":"https:\/\/margarigonutricio.com\/ca\/wp-json\/wp\/v2\/comments?post=559"}],"version-history":[{"count":1,"href":"https:\/\/margarigonutricio.com\/ca\/wp-json\/wp\/v2\/pages\/559\/revisions"}],"predecessor-version":[{"id":560,"href":"https:\/\/margarigonutricio.com\/ca\/wp-json\/wp\/v2\/pages\/559\/revisions\/560"}],"wp:attachment":[{"href":"https:\/\/margarigonutricio.com\/ca\/wp-json\/wp\/v2\/media?parent=559"}],"curies":[{"name":"wp","href":"https:\/\/api.w.org\/{rel}","templated":true}]}}